{"id":62,"date":"2026-04-10T09:32:56","date_gmt":"2026-04-10T09:32:56","guid":{"rendered":"https:\/\/fatimaverissimo.com\/novosite\/?page_id=62"},"modified":"2026-05-12T10:11:52","modified_gmt":"2026-05-12T10:11:52","slug":"asdadsasd","status":"publish","type":"page","link":"https:\/\/fatimaverissimo.com\/index.php\/asdadsasd\/","title":{"rendered":"Cole\u00e7\u00e3o F\u00e1tima Ver\u00edssimo"},"content":{"rendered":"\n<p><strong>Primavera<\/strong> <strong>Ver\u00e3o<\/strong> <strong>2026<\/strong><\/p>\n\n\n\n<figure class=\"wp-block-gallery has-nested-images columns-default is-cropped wp-block-gallery-1 is-layout-flex wp-block-gallery-is-layout-flex\">\n<figure class=\"wp-block-image size-large\"><img decoding=\"async\" data-id=\"24\" src=\"data:image\/gif;base64,R0lGODlhAQABAAAAACH5BAEKAAEALAAAAAABAAEAAAICTAEAOw==\" data-layzr=\"https:\/\/fatimaverissimo.com\/wp-content\/uploads\/2026\/03\/651904269_1800538154246233_8765423213581571340_n-819x1024.jpg\" alt=\"\" class=\"wp-image-24\"\/><\/figure>\n\n\n\n<figure class=\"wp-block-image size-large\"><img decoding=\"async\" data-id=\"76\" src=\"data:image\/gif;base64,R0lGODlhAQABAAAAACH5BAEKAAEALAAAAAABAAEAAAICTAEAOw==\" data-layzr=\"https:\/\/fatimaverissimo.com\/wp-content\/uploads\/2026\/04\/D9A3229-1-819x1024.jpg\" alt=\"\" class=\"wp-image-76\"\/><\/figure>\n\n\n\n<figure class=\"wp-block-image size-large\"><img decoding=\"async\" data-id=\"74\" src=\"data:image\/gif;base64,R0lGODlhAQABAAAAACH5BAEKAAEALAAAAAABAAEAAAICTAEAOw==\" data-layzr=\"https:\/\/fatimaverissimo.com\/wp-content\/uploads\/2026\/04\/D9A2247-1-819x1024.jpg\" alt=\"\" class=\"wp-image-74\"\/><\/figure>\n<\/figure>\n\n\n\n<figure class=\"wp-block-gallery has-nested-images columns-default is-cropped wp-block-gallery-2 is-layout-flex wp-block-gallery-is-layout-flex\">\n<figure class=\"wp-block-image size-large\"><img decoding=\"async\" data-id=\"150\" src=\"data:image\/gif;base64,R0lGODlhAQABAAAAACH5BAEKAAEALAAAAAABAAEAAAICTAEAOw==\" data-layzr=\"https:\/\/fatimaverissimo.com\/wp-content\/uploads\/2026\/04\/D9A5200-Pequeno.jpg\" alt=\"\" class=\"wp-image-150\"\/><\/figure>\n\n\n\n<figure class=\"wp-block-image size-large\"><img decoding=\"async\" data-id=\"149\" src=\"data:image\/gif;base64,R0lGODlhAQABAAAAACH5BAEKAAEALAAAAAABAAEAAAICTAEAOw==\" data-layzr=\"https:\/\/fatimaverissimo.com\/wp-content\/uploads\/2026\/04\/D9A5184-Pequeno.jpg\" alt=\"\" class=\"wp-image-149\"\/><\/figure>\n\n\n\n<figure class=\"wp-block-image size-large\"><img decoding=\"async\" data-id=\"148\" src=\"data:image\/gif;base64,R0lGODlhAQABAAAAACH5BAEKAAEALAAAAAABAAEAAAICTAEAOw==\" data-layzr=\"https:\/\/fatimaverissimo.com\/wp-content\/uploads\/2026\/04\/D9A5215-Pequeno.jpg\" alt=\"\" class=\"wp-image-148\"\/><\/figure>\n<\/figure>\n\n\n\n<figure class=\"wp-block-gallery has-nested-images columns-default is-cropped wp-block-gallery-3 is-layout-flex wp-block-gallery-is-layout-flex\">\n<figure class=\"wp-block-image size-large\"><img decoding=\"async\" data-id=\"121\" src=\"data:image\/gif;base64,R0lGODlhAQABAAAAACH5BAEKAAEALAAAAAABAAEAAAICTAEAOw==\" data-layzr=\"https:\/\/fatimaverissimo.com\/wp-content\/uploads\/2026\/04\/D9A4836-819x1024.jpg\" alt=\"\" class=\"wp-image-121\"\/><\/figure>\n\n\n\n<figure class=\"wp-block-image size-large\"><img decoding=\"async\" data-id=\"122\" src=\"data:image\/gif;base64,R0lGODlhAQABAAAAACH5BAEKAAEALAAAAAABAAEAAAICTAEAOw==\" data-layzr=\"https:\/\/fatimaverissimo.com\/wp-content\/uploads\/2026\/04\/D9A4894-819x1024.jpg\" alt=\"\" class=\"wp-image-122\"\/><\/figure>\n\n\n\n<figure class=\"wp-block-image size-large\"><img decoding=\"async\" data-id=\"119\" src=\"data:image\/gif;base64,R0lGODlhAQABAAAAACH5BAEKAAEALAAAAAABAAEAAAICTAEAOw==\" data-layzr=\"https:\/\/fatimaverissimo.com\/wp-content\/uploads\/2026\/04\/D9A4657-819x1024.jpg\" alt=\"\" class=\"wp-image-119\"\/><\/figure>\n<\/figure>\n\n\n\n<figure class=\"wp-block-gallery has-nested-images columns-default is-cropped wp-block-gallery-4 is-layout-flex wp-block-gallery-is-layout-flex\">\n<figure class=\"wp-block-image size-large\"><img decoding=\"async\" data-id=\"132\" src=\"data:image\/gif;base64,R0lGODlhAQABAAAAACH5BAEKAAEALAAAAAABAAEAAAICTAEAOw==\" data-layzr=\"https:\/\/fatimaverissimo.com\/wp-content\/uploads\/2026\/04\/D9A3289-Pequeno.jpg\" alt=\"\" class=\"wp-image-132\"\/><\/figure>\n\n\n\n<figure class=\"wp-block-image size-large\"><img decoding=\"async\" data-id=\"128\" src=\"data:image\/gif;base64,R0lGODlhAQABAAAAACH5BAEKAAEALAAAAAABAAEAAAICTAEAOw==\" data-layzr=\"https:\/\/fatimaverissimo.com\/wp-content\/uploads\/2026\/04\/D9A2363-Pequeno.jpg\" alt=\"\" class=\"wp-image-128\"\/><\/figure>\n\n\n\n<figure class=\"wp-block-image size-large\"><img decoding=\"async\" data-id=\"125\" src=\"data:image\/gif;base64,R0lGODlhAQABAAAAACH5BAEKAAEALAAAAAABAAEAAAICTAEAOw==\" data-layzr=\"https:\/\/fatimaverissimo.com\/wp-content\/uploads\/2026\/04\/D9A2056-Pequeno.jpg\" alt=\"\" class=\"wp-image-125\"\/><\/figure>\n<\/figure>\n\n\n\n<p><\/p>\n","protected":false},"excerpt":{"rendered":"<p>Primavera Ver\u00e3o 2026<\/p>\n","protected":false},"author":1,"featured_media":0,"parent":0,"menu_order":0,"comment_status":"closed","ping_status":"closed","template":"","meta":{"footnotes":""},"class_list":["post-62","page","type-page","status-publish","hentry","latest_post"],"yoast_head":"<!-- This site is optimized with the Yoast SEO plugin v27.4 - https:\/\/yoast.com\/product\/yoast-seo-wordpress\/ -->\n<title>Cole\u00e7\u00e3o F\u00e1tima Ver\u00edssimo -<\/title>\n<meta name=\"robots\" content=\"index, follow, max-snippet:-1, max-image-preview:large, max-video-preview:-1\" \/>\n<link rel=\"canonical\" href=\"https:\/\/fatimaverissimo.com\/index.php\/asdadsasd\/\" \/>\n<meta property=\"og:locale\" content=\"pt_PT\" \/>\n<meta property=\"og:type\" content=\"article\" \/>\n<meta property=\"og:title\" content=\"Cole\u00e7\u00e3o F\u00e1tima Ver\u00edssimo -\" \/>\n<meta property=\"og:description\" content=\"Primavera Ver\u00e3o 2026\" \/>\n<meta property=\"og:url\" content=\"https:\/\/fatimaverissimo.com\/index.php\/asdadsasd\/\" \/>\n<meta property=\"article:modified_time\" content=\"2026-05-12T10:11:52+00:00\" \/>\n<meta property=\"og:image\" content=\"https:\/\/fatimaverissimo.com\/wp-content\/uploads\/2026\/03\/651904269_1800538154246233_8765423213581571340_n-819x1024.jpg\" \/>\n<meta name=\"twitter:card\" content=\"summary_large_image\" \/>\n<meta name=\"twitter:label1\" content=\"Tempo estimado de leitura\" \/>\n\t<meta name=\"twitter:data1\" content=\"3 minutos\" \/>\n<script type=\"application\/ld+json\" class=\"yoast-schema-graph\">{\"@context\":\"https:\\\/\\\/schema.org\",\"@graph\":[{\"@type\":[\"WebPage\",\"CollectionPage\"],\"@id\":\"https:\\\/\\\/fatimaverissimo.com\\\/index.php\\\/asdadsasd\\\/\",\"url\":\"https:\\\/\\\/fatimaverissimo.com\\\/index.php\\\/asdadsasd\\\/\",\"name\":\"Cole\u00e7\u00e3o F\u00e1tima Ver\u00edssimo -\",\"isPartOf\":{\"@id\":\"https:\\\/\\\/fatimaverissimo.com\\\/#website\"},\"primaryImageOfPage\":{\"@id\":\"https:\\\/\\\/fatimaverissimo.com\\\/index.php\\\/asdadsasd\\\/#primaryimage\"},\"image\":{\"@id\":\"https:\\\/\\\/fatimaverissimo.com\\\/index.php\\\/asdadsasd\\\/#primaryimage\"},\"thumbnailUrl\":\"https:\\\/\\\/fatimaverissimo.com\\\/wp-content\\\/uploads\\\/2026\\\/03\\\/651904269_1800538154246233_8765423213581571340_n-819x1024.jpg\",\"datePublished\":\"2026-04-10T09:32:56+00:00\",\"dateModified\":\"2026-05-12T10:11:52+00:00\",\"breadcrumb\":{\"@id\":\"https:\\\/\\\/fatimaverissimo.com\\\/index.php\\\/asdadsasd\\\/#breadcrumb\"},\"inLanguage\":\"pt-PT\"},{\"@type\":\"ImageObject\",\"inLanguage\":\"pt-PT\",\"@id\":\"https:\\\/\\\/fatimaverissimo.com\\\/index.php\\\/asdadsasd\\\/#primaryimage\",\"url\":\"https:\\\/\\\/fatimaverissimo.com\\\/wp-content\\\/uploads\\\/2026\\\/03\\\/651904269_1800538154246233_8765423213581571340_n.jpg\",\"contentUrl\":\"https:\\\/\\\/fatimaverissimo.com\\\/wp-content\\\/uploads\\\/2026\\\/03\\\/651904269_1800538154246233_8765423213581571340_n.jpg\",\"width\":1080,\"height\":1350},{\"@type\":\"BreadcrumbList\",\"@id\":\"https:\\\/\\\/fatimaverissimo.com\\\/index.php\\\/asdadsasd\\\/#breadcrumb\",\"itemListElement\":[{\"@type\":\"ListItem\",\"position\":1,\"name\":\"In\u00edcio\",\"item\":\"https:\\\/\\\/fatimaverissimo.com\\\/\"},{\"@type\":\"ListItem\",\"position\":2,\"name\":\"Cole\u00e7\u00e3o F\u00e1tima Ver\u00edssimo\"}]},{\"@type\":\"WebSite\",\"@id\":\"https:\\\/\\\/fatimaverissimo.com\\\/#website\",\"url\":\"https:\\\/\\\/fatimaverissimo.com\\\/\",\"name\":\"\",\"description\":\"\",\"potentialAction\":[{\"@type\":\"SearchAction\",\"target\":{\"@type\":\"EntryPoint\",\"urlTemplate\":\"https:\\\/\\\/fatimaverissimo.com\\\/?s={search_term_string}\"},\"query-input\":{\"@type\":\"PropertyValueSpecification\",\"valueRequired\":true,\"valueName\":\"search_term_string\"}}],\"inLanguage\":\"pt-PT\"}]}<\/script>\n<!-- \/ Yoast SEO plugin. -->","yoast_head_json":{"title":"Cole\u00e7\u00e3o F\u00e1tima Ver\u00edssimo -","robots":{"index":"index","follow":"follow","max-snippet":"max-snippet:-1","max-image-preview":"max-image-preview:large","max-video-preview":"max-video-preview:-1"},"canonical":"https:\/\/fatimaverissimo.com\/index.php\/asdadsasd\/","og_locale":"pt_PT","og_type":"article","og_title":"Cole\u00e7\u00e3o F\u00e1tima Ver\u00edssimo -","og_description":"Primavera Ver\u00e3o 2026","og_url":"https:\/\/fatimaverissimo.com\/index.php\/asdadsasd\/","article_modified_time":"2026-05-12T10:11:52+00:00","og_image":[{"url":"https:\/\/fatimaverissimo.com\/wp-content\/uploads\/2026\/03\/651904269_1800538154246233_8765423213581571340_n-819x1024.jpg","type":"","width":"","height":""}],"twitter_card":"summary_large_image","twitter_misc":{"Tempo estimado de leitura":"3 minutos"},"schema":{"@context":"https:\/\/schema.org","@graph":[{"@type":["WebPage","CollectionPage"],"@id":"https:\/\/fatimaverissimo.com\/index.php\/asdadsasd\/","url":"https:\/\/fatimaverissimo.com\/index.php\/asdadsasd\/","name":"Cole\u00e7\u00e3o F\u00e1tima Ver\u00edssimo -","isPartOf":{"@id":"https:\/\/fatimaverissimo.com\/#website"},"primaryImageOfPage":{"@id":"https:\/\/fatimaverissimo.com\/index.php\/asdadsasd\/#primaryimage"},"image":{"@id":"https:\/\/fatimaverissimo.com\/index.php\/asdadsasd\/#primaryimage"},"thumbnailUrl":"https:\/\/fatimaverissimo.com\/wp-content\/uploads\/2026\/03\/651904269_1800538154246233_8765423213581571340_n-819x1024.jpg","datePublished":"2026-04-10T09:32:56+00:00","dateModified":"2026-05-12T10:11:52+00:00","breadcrumb":{"@id":"https:\/\/fatimaverissimo.com\/index.php\/asdadsasd\/#breadcrumb"},"inLanguage":"pt-PT"},{"@type":"ImageObject","inLanguage":"pt-PT","@id":"https:\/\/fatimaverissimo.com\/index.php\/asdadsasd\/#primaryimage","url":"https:\/\/fatimaverissimo.com\/wp-content\/uploads\/2026\/03\/651904269_1800538154246233_8765423213581571340_n.jpg","contentUrl":"https:\/\/fatimaverissimo.com\/wp-content\/uploads\/2026\/03\/651904269_1800538154246233_8765423213581571340_n.jpg","width":1080,"height":1350},{"@type":"BreadcrumbList","@id":"https:\/\/fatimaverissimo.com\/index.php\/asdadsasd\/#breadcrumb","itemListElement":[{"@type":"ListItem","position":1,"name":"In\u00edcio","item":"https:\/\/fatimaverissimo.com\/"},{"@type":"ListItem","position":2,"name":"Cole\u00e7\u00e3o F\u00e1tima Ver\u00edssimo"}]},{"@type":"WebSite","@id":"https:\/\/fatimaverissimo.com\/#website","url":"https:\/\/fatimaverissimo.com\/","name":"","description":"","potentialAction":[{"@type":"SearchAction","target":{"@type":"EntryPoint","urlTemplate":"https:\/\/fatimaverissimo.com\/?s={search_term_string}"},"query-input":{"@type":"PropertyValueSpecification","valueRequired":true,"valueName":"search_term_string"}}],"inLanguage":"pt-PT"}]}},"_links":{"self":[{"href":"https:\/\/fatimaverissimo.com\/index.php\/wp-json\/wp\/v2\/pages\/62","targetHints":{"allow":["GET"]}}],"collection":[{"href":"https:\/\/fatimaverissimo.com\/index.php\/wp-json\/wp\/v2\/pages"}],"about":[{"href":"https:\/\/fatimaverissimo.com\/index.php\/wp-json\/wp\/v2\/types\/page"}],"author":[{"embeddable":true,"href":"https:\/\/fatimaverissimo.com\/index.php\/wp-json\/wp\/v2\/users\/1"}],"replies":[{"embeddable":true,"href":"https:\/\/fatimaverissimo.com\/index.php\/wp-json\/wp\/v2\/comments?post=62"}],"version-history":[{"count":10,"href":"https:\/\/fatimaverissimo.com\/index.php\/wp-json\/wp\/v2\/pages\/62\/revisions"}],"predecessor-version":[{"id":182,"href":"https:\/\/fatimaverissimo.com\/index.php\/wp-json\/wp\/v2\/pages\/62\/revisions\/182"}],"wp:attachment":[{"href":"https:\/\/fatimaverissimo.com\/index.php\/wp-json\/wp\/v2\/media?parent=62"}],"curies":[{"name":"wp","href":"https:\/\/api.w.org\/{rel}","templated":true}]}}